{"id":15771,"date":"2026-04-06T05:50:54","date_gmt":"2026-04-06T04:50:54","guid":{"rendered":"https:\/\/grillcentrum.shop\/gree\/produkt\/glebogryzarka-spalinowa-cedrus-glx540-54-cm-7km-weima-3-biegi-zestaw-olej\/"},"modified":"2026-04-11T02:22:24","modified_gmt":"2026-04-11T01:22:24","slug":"glebogryzarka-spalinowa-cedrus-glx540-54-cm-7km-weima-3-biegi-zestaw-olej","status":"publish","type":"product","link":"https:\/\/qulvako.shop\/grill\/produkt\/glebogryzarka-spalinowa-cedrus-glx540-54-cm-7km-weima-3-biegi-zestaw-olej\/","title":{"rendered":"Glebogryzarka spalinowa Cedrus GLX540 54 cm 7km Weima 3 biegi +zestaw olej"},"content":{"rendered":"<div style=\"font-family: Arial, sans-serif; line-height: 1.6; color: #333; padding: 20px; clear: both; display: block; width: 100%; float: none; position: static; overflow: hidden;\">\n<div style=\"clear: both; display: block; margin: 10px 0;\">\n<div style=\"clear: both; display: block; margin: 10px 0;\">\n<div style=\"clear: both; display: block; margin: 10px 0;\">\n<div  style=\"max-width:1700px;max-height:279px\">\n<div style=\"clear: both; display: block; margin: 10px 0;\">\n<div style=\"clear: both; width: 100%; display: block; margin: 20px 0; padding: 0; float: none; position: static; text-align: center;\"><img decoding=\"async\"  src=\"https:\/\/a.allegroimg.com\/original\/11250a\/2c6e286b49888bc59715cfd118a1\/Glebogryzarka-spalinowa-Cedrus-GLX540-54-cm-7km-Weima-3-biegi-zestaw-olej-Certyfikaty-zgodnosci-CE\" srcset=\"https:\/\/a.allegroimg.com\/original\/11250a\/2c6e286b49888bc59715cfd118a1\/Glebogryzarka-spalinowa-Cedrus-GLX540-54-cm-7km-Weima-3-biegi-zestaw-olej-Certyfikaty-zgodnosci-CE 360w,https:\/\/a.allegroimg.com\/original\/11250a\/2c6e286b49888bc59715cfd118a1\/Glebogryzarka-spalinowa-Cedrus-GLX540-54-cm-7km-Weima-3-biegi-zestaw-olej-Certyfikaty-zgodnosci-CE 720w,https:\/\/a.allegroimg.com\/original\/11250a\/2c6e286b49888bc59715cfd118a1\/Glebogryzarka-spalinowa-Cedrus-GLX540-54-cm-7km-Weima-3-biegi-zestaw-olej-Certyfikaty-zgodnosci-CE 1023w,https:\/\/a.allegroimg.com\/original\/11250a\/2c6e286b49888bc59715cfd118a1\/Glebogryzarka-spalinowa-Cedrus-GLX540-54-cm-7km-Weima-3-biegi-zestaw-olej-Certyfikaty-zgodnosci-CE 1440w,https:\/\/a.allegroimg.com\/original\/11250a\/2c6e286b49888bc59715cfd118a1\/Glebogryzarka-spalinowa-Cedrus-GLX540-54-cm-7km-Weima-3-biegi-zestaw-olej-Certyfikaty-zgodnosci-CE 1700w\" sizes=\"100vw\" width=\"1700px\" alt=\"Glebogryzarka spalinowa Cedrus GLX540 54 cm 7km Weima 3 biegi +zestaw olej Certyfikaty zgodno\u015bci CE\" style=\"max-width: 100%; height: auto; display: block; margin: 0 auto;\"><\/div>\n<\/div>\n<\/div>\n<\/div>\n<\/div>\n<\/div>\n<div style=\"clear: both; display: block; margin: 10px 0;\">\n<div style=\"clear: both; display: block; margin: 10px 0;\">\n<div style=\"clear: both; display: block; margin: 10px 0;\">\n<h1>Glebogryzarka Spalinowa Cedrus CEDRUSGLX540<\/h1>\n<\/div>\n<\/div>\n<\/div>\n<div style=\"clear: both; display: block; margin: 10px 0;\">\n<div style=\"clear: both; display: block; margin: 10px 0;\">\n<div style=\"clear: both; display: block; margin: 10px 0;\">\n<p style=\"margin: 15px 0; line-height: 1.8; clear: both; display: block; width: 100%; float: none; position: static;\"><b>Glebogryzarka CEDRUS GLX540<\/b>&nbsp;to wszechstronna i uniwersalna glebogryzarka&nbsp;<b>z niezale\u017cnym nap\u0119dem na ko\u0142a.<\/b>&nbsp;<b>Najwa\u017cniejsza zaleta &#8211; mo\u017cliwo\u015b\u0107 uruchomienia no\u017cy w dw\u00f3ch kierunkach.&nbsp;<\/b>Przeznaczona do pracy&nbsp;w ogrodach, tunelach foliowych, szklarniach oraz gospodarstwach rolniczych uprawiaj\u0105cych ro\u015bliny rz\u0119dowo.&nbsp;Nap\u0119d na ko\u0142a&nbsp;<b>doskonale amortyzuje<\/b>&nbsp;si\u0142y przenoszone z no\u017cy roboczych, zmniejsza wysi\u0142ek podczas pracy i umo\u017cliwia dok\u0142adne spulchnienie gleby ju\u017c za pierwszym przejazdem roboczym. Ko\u0142a u\u0142atwiaj\u0105 r\u00f3wnie\u017c przetaczanie maszyny do miejsca pracy kt\u00f3ra wykonywana t\u0105 glebogryzark\u0105 jest lekka i efektywna. Wyposa\u017cenie modelu&nbsp;<b>CEDRUS GLX 540&nbsp;w mocny i niezawodny silnik WEIMA ,&nbsp;bieg wsteczny czy regulacj\u0119 g\u0142\u0119boko\u015bci pracy,<\/b>&nbsp;czyni z glebogryzarki&nbsp; bardzo wydajne urz\u0105dzenie.&nbsp;<b>Przygotowanie lub uprawa gleby staj\u0105 si\u0119 przy jej pomocy \u0142atwe, szybkie i przyjemne.&nbsp;CEDRUS GLX540<\/b> &#8211; to Profesjonalna glebogryzarka &#8211; z funkcj\u0105 zmiany kierunku obrotu pracy no\u017cy podczas pracy<\/p>\n<h3 style=\"color: #2c5aa0; font-size: 18px; margin: 30px 0 15px 0; font-weight: bold; clear: both; display: block; width: 100%; float: none; position: static;\">CEDRUS GLX 540 Jest ci\u0119\u017ck\u0105 profesjonaln\u0105 maszyn\u0105 idealn\u0105 do regularnej piel\u0119gnacji gleby, z mo\u017cliwo\u015bci\u0105 przewracania du\u017cych powierzchni&nbsp;przy sta\u0142ej g\u0142\u0119boko\u015bci pracy<\/h3>\n<p style=\"margin: 15px 0; line-height: 1.8; clear: both; display: block; width: 100%; float: none; position: static;\"><b>Z\u0119by podw\u00f3jne, obrotowe &#8211;&nbsp;<\/b>Z\u0119by obracaj\u0105 si\u0119 w obie strony. Obroty do przodu s\u0142u\u017c\u0105 do spulchniania wierzchniej warstwy gleby, obroty do ty\u0142u u\u0142atwiaj\u0105 g\u0142\u0119bokie spulchnianie.<\/p>\n<h3 style=\"color: #2c5aa0; font-size: 18px; margin: 30px 0 15px 0; font-weight: bold; clear: both; display: block; width: 100%; float: none; position: static;\">Budowa i wyposa\u017cenie przystosowane do pracy w trudnych warunkach glebowych<\/h3>\n<\/div>\n<\/div>\n<div style=\"clear: both; display: block; margin: 10px 0;\">\n<div style=\"clear: both; display: block; margin: 10px 0;\">\n<div  style=\"max-width:952px;max-height:832px\">\n<div style=\"clear: both; display: block; margin: 10px 0;\">\n<div style=\"clear: both; width: 100%; display: block; margin: 20px 0; padding: 0; float: none; position: static; text-align: center;\"><img decoding=\"async\"  src=\"https:\/\/a.allegroimg.com\/original\/11aaf2\/badf824745bab2a7c251ef2fc4d1\/Glebogryzarka-spalinowa-Cedrus-GLX540-54-cm-7km-Weima-3-biegi-zestaw-olej\" srcset=\"https:\/\/a.allegroimg.com\/original\/11aaf2\/badf824745bab2a7c251ef2fc4d1\/Glebogryzarka-spalinowa-Cedrus-GLX540-54-cm-7km-Weima-3-biegi-zestaw-olej 360w,https:\/\/a.allegroimg.com\/original\/11aaf2\/badf824745bab2a7c251ef2fc4d1\/Glebogryzarka-spalinowa-Cedrus-GLX540-54-cm-7km-Weima-3-biegi-zestaw-olej 720w,https:\/\/a.allegroimg.com\/original\/11aaf2\/badf824745bab2a7c251ef2fc4d1\/Glebogryzarka-spalinowa-Cedrus-GLX540-54-cm-7km-Weima-3-biegi-zestaw-olej 952w,https:\/\/a.allegroimg.com\/original\/11aaf2\/badf824745bab2a7c251ef2fc4d1\/Glebogryzarka-spalinowa-Cedrus-GLX540-54-cm-7km-Weima-3-biegi-zestaw-olej 952w\" sizes=\"(min-width: 1200px) 560px, (min-width: 992px) 50vw, 100vw\" width=\"952px\" alt=\"Glebogryzarka spalinowa Cedrus GLX540 54 cm 7km Weima 3 biegi +zestaw olej\" style=\"max-width: 100%; height: auto; display: block; margin: 0 auto;\"><\/div>\n<\/div>\n<\/div>\n<\/div>\n<\/div>\n<\/div>\n<div style=\"clear: both; display: block; margin: 10px 0;\">\n<div style=\"clear: both; display: block; margin: 10px 0;\">\n<div style=\"clear: both; display: block; margin: 10px 0;\">\n<div  style=\"max-width:1200px;max-height:800px\">\n<div style=\"clear: both; display: block; margin: 10px 0;\">\n<div style=\"clear: both; width: 100%; display: block; margin: 20px 0; padding: 0; float: none; position: static; text-align: center;\"><img decoding=\"async\"  src=\"https:\/\/a.allegroimg.com\/original\/110a88\/aba45d594e95bcede6cdfc3bd396\/Glebogryzarka-spalinowa-Cedrus-GLX540-54-cm-7km-Weima-3-biegi-zestaw-olej-Stan-opakowania-oryginalne\" srcset=\"https:\/\/a.allegroimg.com\/original\/110a88\/aba45d594e95bcede6cdfc3bd396\/Glebogryzarka-spalinowa-Cedrus-GLX540-54-cm-7km-Weima-3-biegi-zestaw-olej-Stan-opakowania-oryginalne 360w,https:\/\/a.allegroimg.com\/original\/110a88\/aba45d594e95bcede6cdfc3bd396\/Glebogryzarka-spalinowa-Cedrus-GLX540-54-cm-7km-Weima-3-biegi-zestaw-olej-Stan-opakowania-oryginalne 720w,https:\/\/a.allegroimg.com\/original\/110a88\/aba45d594e95bcede6cdfc3bd396\/Glebogryzarka-spalinowa-Cedrus-GLX540-54-cm-7km-Weima-3-biegi-zestaw-olej-Stan-opakowania-oryginalne 1024w,https:\/\/a.allegroimg.com\/original\/110a88\/aba45d594e95bcede6cdfc3bd396\/Glebogryzarka-spalinowa-Cedrus-GLX540-54-cm-7km-Weima-3-biegi-zestaw-olej-Stan-opakowania-oryginalne 1200w,https:\/\/a.allegroimg.com\/original\/110a88\/aba45d594e95bcede6cdfc3bd396\/Glebogryzarka-spalinowa-Cedrus-GLX540-54-cm-7km-Weima-3-biegi-zestaw-olej-Stan-opakowania-oryginalne 1200w\" sizes=\"(min-width: 1200px) 560px, (min-width: 992px) 50vw, 100vw\" width=\"1200px\" alt=\"Glebogryzarka spalinowa Cedrus GLX540 54 cm 7km Weima 3 biegi +zestaw olej Stan opakowania oryginalne\" style=\"max-width: 100%; height: auto; display: block; margin: 0 auto;\"><\/div>\n<\/div>\n<\/div>\n<\/div>\n<\/div>\n<div style=\"clear: both; display: block; margin: 10px 0;\">\n<div style=\"clear: both; display: block; margin: 10px 0;\">\n<h3 style=\"color: #2c5aa0; font-size: 18px; margin: 30px 0 15px 0; font-weight: bold; clear: both; display: block; width: 100%; float: none; position: static;\">Dane Techniczne:<\/h3>\n<ul style=\"margin: 15px 0; padding-left: 20px; clear: both; display: block; width: 100%; float: none; position: static;\">\n<li style=\"margin: 5px 0; padding: 2px 0; clear: both; display: list-item; float: none; position: static;\">Producent silnika:&nbsp;<b>Weima<\/b><\/li>\n<li style=\"margin: 5px 0; padding: 2px 0; clear: both; display: list-item; float: none; position: static;\">Model silnika:&nbsp;<b>170F\/P<\/b><\/li>\n<li style=\"margin: 5px 0; padding: 2px 0; clear: both; display: list-item; float: none; position: static;\">Pojemno\u015b\u0107 silnika:&nbsp;<b>212 cm\u00b3<\/b><\/li>\n<li style=\"margin: 5px 0; padding: 2px 0; clear: both; display: list-item; float: none; position: static;\">Moc silnika:&nbsp;<b>5.5 KM<\/b><\/li>\n<li style=\"margin: 5px 0; padding: 2px 0; clear: both; display: list-item; float: none; position: static;\"><b>Moc Max. rozruchowa Effective Power Solution &#8211; 7 KM<\/b><\/li>\n<li style=\"margin: 5px 0; padding: 2px 0; clear: both; display: list-item; float: none; position: static;\">Biegi:&nbsp;<b>2 do przodu \/ 1 wsteczny<\/b><\/li>\n<li style=\"margin: 5px 0; padding: 2px 0; clear: both; display: list-item; float: none; position: static;\"><b>Paliwo: benzyna bezo\u0142owiowa 95 Pb<\/b><\/li>\n<li style=\"margin: 5px 0; padding: 2px 0; clear: both; display: list-item; float: none; position: static;\">Wymiary (d\u0142. x szer. x wys.):&nbsp;<b>1600 x 650 x 940 cm<\/b><\/li>\n<li style=\"margin: 5px 0; padding: 2px 0; clear: both; display: list-item; float: none; position: static;\">Szeroko\u015b\u0107 robocza:&nbsp;<b>54 cm<\/b><\/li>\n<li style=\"margin: 5px 0; padding: 2px 0; clear: both; display: list-item; float: none; position: static;\">\u015arednica no\u017cy:&nbsp;<b>32cm<\/b><\/li>\n<li style=\"margin: 5px 0; padding: 2px 0; clear: both; display: list-item; float: none; position: static;\">Waga maszyny:&nbsp;<b>90 kg<\/b><\/li>\n<li style=\"margin: 5px 0; padding: 2px 0; clear: both; display: list-item; float: none; position: static;\">(no\u017ce obracaj\u0105 si\u0119 w obu kierunkach)<\/li>\n<\/ul>\n<\/div>\n<\/div>\n<\/div>\n<div style=\"clear: both; display: block; margin: 10px 0;\">\n<div style=\"clear: both; display: block; margin: 10px 0;\">\n<div style=\"clear: both; display: block; margin: 10px 0;\">\n<h2>Zestaw zawiera:<\/h2>\n<ul style=\"margin: 15px 0; padding-left: 20px; clear: both; display: block; width: 100%; float: none; position: static;\">\n<li style=\"margin: 5px 0; padding: 2px 0; clear: both; display: list-item; float: none; position: static;\">komplet r\u0105czek prowadz\u0105cych<\/li>\n<li style=\"margin: 5px 0; padding: 2px 0; clear: both; display: list-item; float: none; position: static;\">komplet \u015brub monta\u017cowych<\/li>\n<li style=\"margin: 5px 0; padding: 2px 0; clear: both; display: list-item; float: none; position: static;\">komplet nakr\u0119tek monta\u017cowych<\/li>\n<li style=\"margin: 5px 0; padding: 2px 0; clear: both; display: list-item; float: none; position: static;\">komplet podk\u0142adek monta\u017cowych<\/li>\n<li style=\"margin: 5px 0; padding: 2px 0; clear: both; display: list-item; float: none; position: static;\">komplet zapinek zabezpieczaj\u0105cych<\/li>\n<li style=\"margin: 5px 0; padding: 2px 0; clear: both; display: list-item; float: none; position: static;\">Zestaw instrukcji obs\u0142ugi w j\u0119zyku Polskim<\/li>\n<li style=\"margin: 5px 0; padding: 2px 0; clear: both; display: list-item; float: none; position: static;\">Karta gwarancyjna CEDRUS<\/li>\n<li style=\"margin: 5px 0; padding: 2px 0; clear: both; display: list-item; float: none; position: static;\">2x pompowane ko\u0142a<\/li>\n<li style=\"margin: 5px 0; padding: 2px 0; clear: both; display: list-item; float: none; position: static;\">Komplet os\u0142on stalowych systemu roboczego<\/li>\n<li style=\"margin: 5px 0; padding: 2px 0; clear: both; display: list-item; float: none; position: static;\">Sk\u0142adany klucz monta\u017cowy &#8211; do \u015bwiecy<\/li>\n<li style=\"margin: 5px 0; padding: 2px 0; clear: both; display: list-item; float: none; position: static;\"><b>Olej do silnika oraz do przek\u0142adni Cedrus 10w30 Do silnika wchodzi 0.6L a do przek\u0142adni 2.2L<\/b><\/li>\n<\/ul>\n<\/div>\n<\/div>\n<div style=\"clear: both; display: block; margin: 10px 0;\">\n<div style=\"clear: both; display: block; margin: 10px 0;\">\n<div  style=\"max-width:1200px;max-height:800px\">\n<div style=\"clear: both; display: block; margin: 10px 0;\">\n<div style=\"clear: both; width: 100%; display: block; margin: 20px 0; padding: 0; float: none; position: static; text-align: center;\"><img decoding=\"async\"  src=\"https:\/\/a.allegroimg.com\/original\/11708e\/b61ff29e41d1860d878592137654\/Glebogryzarka-spalinowa-Cedrus-GLX540-54-cm-7km-Weima-3-biegi-zestaw-olej-Zasilanie-spalinowe\" srcset=\"https:\/\/a.allegroimg.com\/original\/11708e\/b61ff29e41d1860d878592137654\/Glebogryzarka-spalinowa-Cedrus-GLX540-54-cm-7km-Weima-3-biegi-zestaw-olej-Zasilanie-spalinowe 360w,https:\/\/a.allegroimg.com\/original\/11708e\/b61ff29e41d1860d878592137654\/Glebogryzarka-spalinowa-Cedrus-GLX540-54-cm-7km-Weima-3-biegi-zestaw-olej-Zasilanie-spalinowe 720w,https:\/\/a.allegroimg.com\/original\/11708e\/b61ff29e41d1860d878592137654\/Glebogryzarka-spalinowa-Cedrus-GLX540-54-cm-7km-Weima-3-biegi-zestaw-olej-Zasilanie-spalinowe 1024w,https:\/\/a.allegroimg.com\/original\/11708e\/b61ff29e41d1860d878592137654\/Glebogryzarka-spalinowa-Cedrus-GLX540-54-cm-7km-Weima-3-biegi-zestaw-olej-Zasilanie-spalinowe 1200w,https:\/\/a.allegroimg.com\/original\/11708e\/b61ff29e41d1860d878592137654\/Glebogryzarka-spalinowa-Cedrus-GLX540-54-cm-7km-Weima-3-biegi-zestaw-olej-Zasilanie-spalinowe 1200w\" sizes=\"(min-width: 1200px) 560px, (min-width: 992px) 50vw, 100vw\" width=\"1200px\" alt=\"Glebogryzarka spalinowa Cedrus GLX540 54 cm 7km Weima 3 biegi +zestaw olej Zasilanie spalinowe\" style=\"max-width: 100%; height: auto; display: block; margin: 0 auto;\"><\/div>\n<\/div>\n<\/div>\n<\/div>\n<\/div>\n<\/div>\n<div style=\"clear: both; display: block; margin: 10px 0;\">\n<div style=\"clear: both; display: block; margin: 10px 0;\">\n<div style=\"clear: both; display: block; margin: 10px 0;\">\n<div  style=\"max-width:1200px;max-height:800px\">\n<div style=\"clear: both; display: block; margin: 10px 0;\">\n<div style=\"clear: both; width: 100%; display: block; margin: 20px 0; padding: 0; float: none; position: static; text-align: center;\"><img decoding=\"async\"  src=\"https:\/\/a.allegroimg.com\/original\/1154a8\/8dfa652d4db58f4abe4dc169605e\/Glebogryzarka-spalinowa-Cedrus-GLX540-54-cm-7km-Weima-3-biegi-zestaw-olej-Glebokosc-robocza-max-17-mm\" srcset=\"https:\/\/a.allegroimg.com\/original\/1154a8\/8dfa652d4db58f4abe4dc169605e\/Glebogryzarka-spalinowa-Cedrus-GLX540-54-cm-7km-Weima-3-biegi-zestaw-olej-Glebokosc-robocza-max-17-mm 360w,https:\/\/a.allegroimg.com\/original\/1154a8\/8dfa652d4db58f4abe4dc169605e\/Glebogryzarka-spalinowa-Cedrus-GLX540-54-cm-7km-Weima-3-biegi-zestaw-olej-Glebokosc-robocza-max-17-mm 720w,https:\/\/a.allegroimg.com\/original\/1154a8\/8dfa652d4db58f4abe4dc169605e\/Glebogryzarka-spalinowa-Cedrus-GLX540-54-cm-7km-Weima-3-biegi-zestaw-olej-Glebokosc-robocza-max-17-mm 1024w,https:\/\/a.allegroimg.com\/original\/1154a8\/8dfa652d4db58f4abe4dc169605e\/Glebogryzarka-spalinowa-Cedrus-GLX540-54-cm-7km-Weima-3-biegi-zestaw-olej-Glebokosc-robocza-max-17-mm 1200w,https:\/\/a.allegroimg.com\/original\/1154a8\/8dfa652d4db58f4abe4dc169605e\/Glebogryzarka-spalinowa-Cedrus-GLX540-54-cm-7km-Weima-3-biegi-zestaw-olej-Glebokosc-robocza-max-17-mm 1200w\" sizes=\"(min-width: 1200px) 560px, (min-width: 992px) 50vw, 100vw\" width=\"1200px\" alt=\"Glebogryzarka spalinowa Cedrus GLX540 54 cm 7km Weima 3 biegi +zestaw olej G\u0142\u0119boko\u015b\u0107 robocza max 17 mm\" style=\"max-width: 100%; height: auto; display: block; margin: 0 auto;\"><\/div>\n<\/div>\n<\/div>\n<\/div>\n<\/div>\n<div style=\"clear: both; display: block; margin: 10px 0;\">\n<div style=\"clear: both; display: block; margin: 10px 0;\">\n<h3 style=\"color: #2c5aa0; font-size: 18px; margin: 30px 0 15px 0; font-weight: bold; clear: both; display: block; width: 100%; float: none; position: static;\">Cechy CEDRUS GLX 540 :<\/h3>\n<ul style=\"margin: 15px 0; padding-left: 20px; clear: both; display: block; width: 100%; float: none; position: static;\">\n<li style=\"margin: 5px 0; padding: 2px 0; clear: both; display: list-item; float: none; position: static;\"><b>BIEGI<\/b>&nbsp;<b>&#8211;<\/b> Mo\u017cliwo\u015b\u0107 pracy na biegu wstecznym eliminuje zadeptywanie i u\u0142atwia wydobycie maszyny w przypadku<\/li>\n<li style=\"margin: 5px 0; padding: 2px 0; clear: both; display: list-item; float: none; position: static;\"><b>ZMIANA KIERUNKU&nbsp; obrotu ostrzy<\/b> <b>&#8211;<\/b> uk\u0142adu roboczego<\/li>\n<li style=\"margin: 5px 0; padding: 2px 0; clear: both; display: list-item; float: none; position: static;\"><b>BIEG DO PRZODU I DO TY\u0141U<\/b> <b>&#8211;<\/b>&nbsp;w znaczny spos\u00f3b u\u0142atwia prac\u0119 operatora<\/li>\n<li style=\"margin: 5px 0; padding: 2px 0; clear: both; display: list-item; float: none; position: static;\"><b>MOCNY SILNIK WEIMA &#8211;<\/b>&nbsp;glebogryzarki posiadaj\u0105cy odpowiednie parametry zapewniaj\u0105ce efektywno\u015b\u0107 wykonywania zaplanowanych prac<\/li>\n<li style=\"margin: 5px 0; padding: 2px 0; clear: both; display: list-item; float: none; position: static;\"><b>NAP\u0118D NA KO\u0141A<\/b> <b>&#8211;<\/b>&nbsp;Sprawia, \u017ce maszyna nie szarpie, doskonale amortyzuj\u0105c si\u0142y przenoszone z no\u017cy roboczych, zmniejsza wysi\u0142ek podczas pracy i umo\u017cliwia dok\u0142adne spulchnienie gleby ju\u017c za pierwszym przejazdem roboczym..<\/li>\n<\/ul>\n<\/div>\n<\/div>\n<\/div>\n<div style=\"clear: both; display: block; margin: 10px 0;\">\n<div style=\"clear: both; display: block; margin: 10px 0;\">\n<div style=\"clear: both; display: block; margin: 10px 0;\">\n<div  style=\"max-width:1700px;max-height:279px\">\n<div style=\"clear: both; display: block; margin: 10px 0;\">\n<div style=\"clear: both; width: 100%; display: block; margin: 20px 0; padding: 0; float: none; position: static; text-align: center;\"><img decoding=\"async\"  src=\"https:\/\/a.allegroimg.com\/original\/11250a\/2c6e286b49888bc59715cfd118a1\/Glebogryzarka-spalinowa-Cedrus-GLX540-54-cm-7km-Weima-3-biegi-zestaw-olej-Certyfikaty-zgodnosci-CE\" srcset=\"https:\/\/a.allegroimg.com\/original\/11250a\/2c6e286b49888bc59715cfd118a1\/Glebogryzarka-spalinowa-Cedrus-GLX540-54-cm-7km-Weima-3-biegi-zestaw-olej-Certyfikaty-zgodnosci-CE 360w,https:\/\/a.allegroimg.com\/original\/11250a\/2c6e286b49888bc59715cfd118a1\/Glebogryzarka-spalinowa-Cedrus-GLX540-54-cm-7km-Weima-3-biegi-zestaw-olej-Certyfikaty-zgodnosci-CE 720w,https:\/\/a.allegroimg.com\/original\/11250a\/2c6e286b49888bc59715cfd118a1\/Glebogryzarka-spalinowa-Cedrus-GLX540-54-cm-7km-Weima-3-biegi-zestaw-olej-Certyfikaty-zgodnosci-CE 1023w,https:\/\/a.allegroimg.com\/original\/11250a\/2c6e286b49888bc59715cfd118a1\/Glebogryzarka-spalinowa-Cedrus-GLX540-54-cm-7km-Weima-3-biegi-zestaw-olej-Certyfikaty-zgodnosci-CE 1440w,https:\/\/a.allegroimg.com\/original\/11250a\/2c6e286b49888bc59715cfd118a1\/Glebogryzarka-spalinowa-Cedrus-GLX540-54-cm-7km-Weima-3-biegi-zestaw-olej-Certyfikaty-zgodnosci-CE 1700w\" sizes=\"100vw\" width=\"1700px\" alt=\"Glebogryzarka spalinowa Cedrus GLX540 54 cm 7km Weima 3 biegi +zestaw olej Certyfikaty zgodno\u015bci CE\" style=\"max-width: 100%; height: auto; display: block; margin: 0 auto;\"><\/div>\n<\/div>\n<\/div>\n<\/div>\n<\/div>\n<\/div>\n<div style=\"clear: both; display: block; margin: 10px 0;\">\n<div style=\"clear: both; display: block; margin: 10px 0;\">\n<div style=\"clear: both; display: block; margin: 10px 0;\">\n<h2>!!Je\u017celi produkt jest w przedsprzeda\u017cy mo\u017ce wyst\u0105pi\u0107 wyd\u0142u\u017cenie czasu dostawy spowodowane zmian\u0105 czasu dostawa od wykonawcy do producenta!!<\/h2>\n<\/div>\n<\/div>\n<\/div>\n<\/div>\n<\/div>\n<\/div>\n<div style=\"clear: both; display: block; margin: 10px 0;\">\n","protected":false},"excerpt":{"rendered":"<p>Glebogryzarka Spalinowa Cedrus CEDRUSGLX540<\/p>\n","protected":false},"featured_media":15772,"template":"","meta":{"_uag_custom_page_level_css":""},"product_brand":[907],"product_cat":[874,866,541],"product_tag":[],"class_list":{"0":"post-15771","1":"product","2":"type-product","3":"status-publish","4":"has-post-thumbnail","6":"product_brand-cedrus","7":"product_cat-glebogryzarki","8":"product_cat-narzedzia-ogrodnicze","9":"product_cat-ogrod","11":"first","12":"instock","13":"sale","14":"shipping-taxable","15":"purchasable","16":"product-type-simple"},"uagb_featured_image_src":{"full":["https:\/\/qulvako.shop\/grill\/wp-content\/uploads\/2026\/04\/allegro-image-15771.jpg",952,832,false],"thumbnail":["https:\/\/qulvako.shop\/grill\/wp-content\/uploads\/2026\/04\/allegro-image-15771-150x150.jpg",150,150,true],"medium":["https:\/\/qulvako.shop\/grill\/wp-content\/uploads\/2026\/04\/allegro-image-15771-300x262.jpg",300,262,true],"medium_large":["https:\/\/qulvako.shop\/grill\/wp-content\/uploads\/2026\/04\/allegro-image-15771-768x671.jpg",768,671,true],"large":["https:\/\/qulvako.shop\/grill\/wp-content\/uploads\/2026\/04\/allegro-image-15771.jpg",952,832,false],"1536x1536":["https:\/\/qulvako.shop\/grill\/wp-content\/uploads\/2026\/04\/allegro-image-15771.jpg",952,832,false],"2048x2048":["https:\/\/qulvako.shop\/grill\/wp-content\/uploads\/2026\/04\/allegro-image-15771.jpg",952,832,false],"woocommerce_thumbnail":["https:\/\/qulvako.shop\/grill\/wp-content\/uploads\/2026\/04\/allegro-image-15771-300x300.jpg",300,300,true],"woocommerce_single":["https:\/\/qulvako.shop\/grill\/wp-content\/uploads\/2026\/04\/allegro-image-15771-600x524.jpg",600,524,true],"woocommerce_gallery_thumbnail":["https:\/\/qulvako.shop\/grill\/wp-content\/uploads\/2026\/04\/allegro-image-15771-100x100.jpg",100,100,true]},"uagb_author_info":{"display_name":"admin","author_link":"https:\/\/qulvako.shop\/grill\/author\/"},"uagb_comment_info":0,"uagb_excerpt":"Glebogryzarka Spalinowa Cedrus CEDRUSGLX540","_links":{"self":[{"href":"https:\/\/qulvako.shop\/grill\/wp-json\/wp\/v2\/product\/15771","targetHints":{"allow":["GET"]}}],"collection":[{"href":"https:\/\/qulvako.shop\/grill\/wp-json\/wp\/v2\/product"}],"about":[{"href":"https:\/\/qulvako.shop\/grill\/wp-json\/wp\/v2\/types\/product"}],"wp:featuredmedia":[{"embeddable":true,"href":"https:\/\/qulvako.shop\/grill\/wp-json\/wp\/v2\/media\/15772"}],"wp:attachment":[{"href":"https:\/\/qulvako.shop\/grill\/wp-json\/wp\/v2\/media?parent=15771"}],"wp:term":[{"taxonomy":"product_brand","embeddable":true,"href":"https:\/\/qulvako.shop\/grill\/wp-json\/wp\/v2\/product_brand?post=15771"},{"taxonomy":"product_cat","embeddable":true,"href":"https:\/\/qulvako.shop\/grill\/wp-json\/wp\/v2\/product_cat?post=15771"},{"taxonomy":"product_tag","embeddable":true,"href":"https:\/\/qulvako.shop\/grill\/wp-json\/wp\/v2\/product_tag?post=15771"}],"curies":[{"name":"wp","href":"https:\/\/api.w.org\/{rel}","templated":true}]}}