{"id":15717,"date":"2026-04-06T05:50:16","date_gmt":"2026-04-06T04:50:16","guid":{"rendered":"https:\/\/grillcentrum.shop\/gree\/produkt\/plac-zabaw-dla-dzieci-hustawka-ogrodowa-zjezdzalnia-trapez-gimanstyczny-xxl\/"},"modified":"2026-04-11T02:22:21","modified_gmt":"2026-04-11T01:22:21","slug":"plac-zabaw-dla-dzieci-hustawka-ogrodowa-zjezdzalnia-trapez-gimanstyczny-xxl","status":"publish","type":"product","link":"https:\/\/qulvako.shop\/grill\/produkt\/plac-zabaw-dla-dzieci-hustawka-ogrodowa-zjezdzalnia-trapez-gimanstyczny-xxl\/","title":{"rendered":"Plac Zabaw Dla Dzieci Hu\u015btawka Ogrodowa Zje\u017cd\u017calnia Trapez Gimanstyczny XXL"},"content":{"rendered":"<div style=\"font-family: Arial, sans-serif; line-height: 1.6; color: #333; padding: 20px; clear: both; display: block; width: 100%; float: none; position: static; overflow: hidden;\">\n<div style=\"clear: both; display: block; margin: 10px 0;\">\n<div style=\"clear: both; display: block; margin: 10px 0;\">\n<div style=\"clear: both; display: block; margin: 10px 0;\">\n<h1>\u2b50Ogrodowy plac zabaw dla dzieci XXL z hu\u015btawk\u0105, trapezem gimnastycznym i zje\u017cd\u017calni\u0105\u2b50<\/h1>\n<p style=\"margin: 15px 0; line-height: 1.8; clear: both; display: block; width: 100%; float: none; position: static;\">\u2705 Marka: <b>HyperMotion<\/b><\/p>\n<p style=\"margin: 15px 0; line-height: 1.8; clear: both; display: block; width: 100%; float: none; position: static;\">\u2705 Model: SWING HYP12<\/p>\n<\/div>\n<\/div>\n<\/div>\n<div style=\"clear: both; display: block; margin: 10px 0;\">\n<div style=\"clear: both; display: block; margin: 10px 0;\">\n<div style=\"clear: both; display: block; margin: 10px 0;\">\n<h2>\u25b6\ufe0f Wsp\u00f3lny czas na \u015bwie\u017cym powietrzu<\/h2>\n<p style=\"margin: 15px 0; line-height: 1.8; clear: both; display: block; width: 100%; float: none; position: static;\">Stw\u00f3rz dla swojej pociechy wyj\u0105tkowe centrum aktywno\u015bci w ogrodzie! Wzboga\u0107 przestrze\u0144 przy domu o atrakcyjny plac zabaw, kt\u00f3ry szybko stanie si\u0119 ulubionym miejscem dziecka!<\/p>\n<\/div>\n<\/div>\n<div style=\"clear: both; display: block; margin: 10px 0;\">\n<div style=\"clear: both; display: block; margin: 10px 0;\">\n<div  style=\"max-width:2049px;max-height:2049px\">\n<div style=\"clear: both; display: block; margin: 10px 0;\">\n<div style=\"clear: both; width: 100%; display: block; margin: 20px 0; padding: 0; float: none; position: static; text-align: center;\"><img decoding=\"async\"  src=\"https:\/\/a.allegroimg.com\/original\/118713\/b9677fe24d949c7c1fa036327260\/Plac-Zabaw-Dla-Dzieci-Hustawka-Ogrodowa-Zjezdzalnia-Trapez-Gimanstyczny-XXL-Kod-producenta-SWING-HYP12\" srcset=\"https:\/\/a.allegroimg.com\/original\/118713\/b9677fe24d949c7c1fa036327260\/Plac-Zabaw-Dla-Dzieci-Hustawka-Ogrodowa-Zjezdzalnia-Trapez-Gimanstyczny-XXL-Kod-producenta-SWING-HYP12 360w,https:\/\/a.allegroimg.com\/original\/118713\/b9677fe24d949c7c1fa036327260\/Plac-Zabaw-Dla-Dzieci-Hustawka-Ogrodowa-Zjezdzalnia-Trapez-Gimanstyczny-XXL-Kod-producenta-SWING-HYP12 720w,https:\/\/a.allegroimg.com\/original\/118713\/b9677fe24d949c7c1fa036327260\/Plac-Zabaw-Dla-Dzieci-Hustawka-Ogrodowa-Zjezdzalnia-Trapez-Gimanstyczny-XXL-Kod-producenta-SWING-HYP12 1024w,https:\/\/a.allegroimg.com\/original\/118713\/b9677fe24d949c7c1fa036327260\/Plac-Zabaw-Dla-Dzieci-Hustawka-Ogrodowa-Zjezdzalnia-Trapez-Gimanstyczny-XXL-Kod-producenta-SWING-HYP12 1440w,https:\/\/a.allegroimg.com\/original\/118713\/b9677fe24d949c7c1fa036327260\/Plac-Zabaw-Dla-Dzieci-Hustawka-Ogrodowa-Zjezdzalnia-Trapez-Gimanstyczny-XXL-Kod-producenta-SWING-HYP12 2049w\" sizes=\"(min-width: 1200px) 560px, (min-width: 992px) 50vw, 100vw\" width=\"2049px\" alt=\"Plac Zabaw Dla Dzieci Hu\u015btawka Ogrodowa Zje\u017cd\u017calnia Trapez Gimanstyczny XXL Kod producenta SWING HYP12\" style=\"max-width: 100%; height: auto; display: block; margin: 0 auto;\"><\/div>\n<\/div>\n<\/div>\n<\/div>\n<\/div>\n<\/div>\n<div style=\"clear: both; display: block; margin: 10px 0;\">\n<div style=\"clear: both; display: block; margin: 10px 0;\">\n<div style=\"clear: both; display: block; margin: 10px 0;\">\n<h2>\u25b6\ufe0f Zabawa dla ka\u017cdego<\/h2>\n<p style=\"margin: 15px 0; line-height: 1.8; clear: both; display: block; width: 100%; float: none; position: static;\">Ogrodowy plac zabaw zapewnia dzieciom rozrywk\u0119 na wiele r\u00f3\u017cnych sposob\u00f3w. Na mocnej, stalowej ramie umieszczona zosta\u0142a <b>pojedyncza hu\u015btawka<\/b>&nbsp;z wygodnym siedziskiem, a tak\u017ce&nbsp;<b>trapez gimnastyczny<\/b>. Nie mog\u0142o zabrakn\u0105\u0107 r\u00f3wnie\u017c&nbsp;<b>zje\u017cd\u017calni, kt\u00f3ra ma d\u0142ugo\u015b\u0107 183 cm<\/b>. W celu zwi\u0119kszenia poziomu bezpiecze\u0144stwa, jej platforma zosta\u0142a wyposa\u017cona w trwa\u0142\u0105 siatk\u0119.<\/p>\n<\/div>\n<\/div>\n<div style=\"clear: both; display: block; margin: 10px 0;\">\n<div style=\"clear: both; display: block; margin: 10px 0;\">\n<div  style=\"max-width:2400px;max-height:2400px\">\n<div style=\"clear: both; display: block; margin: 10px 0;\">\n<div style=\"clear: both; width: 100%; display: block; margin: 20px 0; padding: 0; float: none; position: static; text-align: center;\"><img decoding=\"async\"  src=\"https:\/\/a.allegroimg.com\/original\/117789\/edfcbe4847749538e8ec2e18c795\/Plac-Zabaw-Dla-Dzieci-Hustawka-Ogrodowa-Zjezdzalnia-Trapez-Gimanstyczny-XXL-Marka-HyperMotion\" srcset=\"https:\/\/a.allegroimg.com\/original\/117789\/edfcbe4847749538e8ec2e18c795\/Plac-Zabaw-Dla-Dzieci-Hustawka-Ogrodowa-Zjezdzalnia-Trapez-Gimanstyczny-XXL-Marka-HyperMotion 360w,https:\/\/a.allegroimg.com\/original\/117789\/edfcbe4847749538e8ec2e18c795\/Plac-Zabaw-Dla-Dzieci-Hustawka-Ogrodowa-Zjezdzalnia-Trapez-Gimanstyczny-XXL-Marka-HyperMotion 720w,https:\/\/a.allegroimg.com\/original\/117789\/edfcbe4847749538e8ec2e18c795\/Plac-Zabaw-Dla-Dzieci-Hustawka-Ogrodowa-Zjezdzalnia-Trapez-Gimanstyczny-XXL-Marka-HyperMotion 1024w,https:\/\/a.allegroimg.com\/original\/117789\/edfcbe4847749538e8ec2e18c795\/Plac-Zabaw-Dla-Dzieci-Hustawka-Ogrodowa-Zjezdzalnia-Trapez-Gimanstyczny-XXL-Marka-HyperMotion 1440w,https:\/\/a.allegroimg.com\/original\/117789\/edfcbe4847749538e8ec2e18c795\/Plac-Zabaw-Dla-Dzieci-Hustawka-Ogrodowa-Zjezdzalnia-Trapez-Gimanstyczny-XXL-Marka-HyperMotion 2400w\" sizes=\"(min-width: 1200px) 560px, (min-width: 992px) 50vw, 100vw\" width=\"2400px\" alt=\"Plac Zabaw Dla Dzieci Hu\u015btawka Ogrodowa Zje\u017cd\u017calnia Trapez Gimanstyczny XXL Marka HyperMotion\" style=\"max-width: 100%; height: auto; display: block; margin: 0 auto;\"><\/div>\n<\/div>\n<\/div>\n<\/div>\n<\/div>\n<\/div>\n<div style=\"clear: both; display: block; margin: 10px 0;\">\n<div style=\"clear: both; display: block; margin: 10px 0;\">\n<div style=\"clear: both; display: block; margin: 10px 0;\">\n<h3 style=\"color: #2c5aa0; font-size: 18px; margin: 30px 0 15px 0; font-weight: bold; clear: both; display: block; width: 100%; float: none; position: static;\">\u2611\ufe0fG\u0142\u00f3wne cechy<\/h3>\n<p style=\"margin: 15px 0; line-height: 1.8; clear: both; display: block; width: 100%; float: none; position: static;\">\u2714\ufe0f plac zabaw wykonany <b>z wysokiej jako\u015bci materia\u0142\u00f3w<\/b><\/p>\n<p style=\"margin: 15px 0; line-height: 1.8; clear: both; display: block; width: 100%; float: none; position: static;\">\u2714\ufe0f stabilna, wytrzyma\u0142a konstrukcja, wzbogacona o <b>kotwy mocuj\u0105ce<\/b><\/p>\n<p style=\"margin: 15px 0; line-height: 1.8; clear: both; display: block; width: 100%; float: none; position: static;\">\u2714\ufe0f nowoczesny design &#8211; energetyczny, zielony kolor<\/p>\n<p style=\"margin: 15px 0; line-height: 1.8; clear: both; display: block; width: 100%; float: none; position: static;\">\u2714\ufe0f wysoka odporno\u015b\u0107 na warunki atmosferyczne i promienie UV<\/p>\n<p style=\"margin: 15px 0; line-height: 1.8; clear: both; display: block; width: 100%; float: none; position: static;\">\u2714\ufe0f przyjemne w dotyku, mi\u0119kkie i trwa\u0142e liny<\/p>\n<h3 style=\"color: #2c5aa0; font-size: 18px; margin: 30px 0 15px 0; font-weight: bold; clear: both; display: block; width: 100%; float: none; position: static;\">\u2714\ufe0f stalowa, malowana proszkowo rama<\/h3>\n<p style=\"margin: 15px 0; line-height: 1.8; clear: both; display: block; width: 100%; float: none; position: static;\">\u2714\ufe0f komfortowe siedziska<\/p>\n<p style=\"margin: 15px 0; line-height: 1.8; clear: both; display: block; width: 100%; float: none; position: static;\"><b>\u2714\ufe0f regulowana d\u0142ugo\u015b\u0107 lin<\/b>&nbsp;&#8211; hu\u015btawki rosn\u0105 wraz z dzie\u0107mi<\/p>\n<h3 style=\"color: #2c5aa0; font-size: 18px; margin: 30px 0 15px 0; font-weight: bold; clear: both; display: block; width: 100%; float: none; position: static;\">\u2714\ufe0f do u\u017cytku zewn\u0119trznego<\/h3>\n<p style=\"margin: 15px 0; line-height: 1.8; clear: both; display: block; width: 100%; float: none; position: static;\">\u2714\ufe0f dla dzieci powy\u017cej 3. roku \u017cycia<\/p>\n<\/div>\n<\/div>\n<div style=\"clear: both; display: block; margin: 10px 0;\">\n<div style=\"clear: both; display: block; margin: 10px 0;\">\n<div  style=\"max-width:2400px;max-height:2400px\">\n<div style=\"clear: both; display: block; margin: 10px 0;\">\n<div style=\"clear: both; width: 100%; display: block; margin: 20px 0; padding: 0; float: none; position: static; text-align: center;\"><img decoding=\"async\"  src=\"https:\/\/a.allegroimg.com\/original\/11d394\/959fb7614cc8b52ed67177f6efce\/Plac-Zabaw-Dla-Dzieci-Hustawka-Ogrodowa-Zjezdzalnia-Trapez-Gimanstyczny-XXL-Stan-opakowania-oryginalne\" srcset=\"https:\/\/a.allegroimg.com\/original\/11d394\/959fb7614cc8b52ed67177f6efce\/Plac-Zabaw-Dla-Dzieci-Hustawka-Ogrodowa-Zjezdzalnia-Trapez-Gimanstyczny-XXL-Stan-opakowania-oryginalne 360w,https:\/\/a.allegroimg.com\/original\/11d394\/959fb7614cc8b52ed67177f6efce\/Plac-Zabaw-Dla-Dzieci-Hustawka-Ogrodowa-Zjezdzalnia-Trapez-Gimanstyczny-XXL-Stan-opakowania-oryginalne 720w,https:\/\/a.allegroimg.com\/original\/11d394\/959fb7614cc8b52ed67177f6efce\/Plac-Zabaw-Dla-Dzieci-Hustawka-Ogrodowa-Zjezdzalnia-Trapez-Gimanstyczny-XXL-Stan-opakowania-oryginalne 1024w,https:\/\/a.allegroimg.com\/original\/11d394\/959fb7614cc8b52ed67177f6efce\/Plac-Zabaw-Dla-Dzieci-Hustawka-Ogrodowa-Zjezdzalnia-Trapez-Gimanstyczny-XXL-Stan-opakowania-oryginalne 1440w,https:\/\/a.allegroimg.com\/original\/11d394\/959fb7614cc8b52ed67177f6efce\/Plac-Zabaw-Dla-Dzieci-Hustawka-Ogrodowa-Zjezdzalnia-Trapez-Gimanstyczny-XXL-Stan-opakowania-oryginalne 2400w\" sizes=\"(min-width: 1200px) 560px, (min-width: 992px) 50vw, 100vw\" width=\"2400px\" alt=\"Plac Zabaw Dla Dzieci Hu\u015btawka Ogrodowa Zje\u017cd\u017calnia Trapez Gimanstyczny XXL Stan opakowania oryginalne\" style=\"max-width: 100%; height: auto; display: block; margin: 0 auto;\"><\/div>\n<\/div>\n<\/div>\n<\/div>\n<\/div>\n<\/div>\n<div style=\"clear: both; display: block; margin: 10px 0;\">\n<div style=\"clear: both; display: block; margin: 10px 0;\">\n<div style=\"clear: both; display: block; margin: 10px 0;\">\n<h2>\u25b6\ufe0f Dla ca\u0142ej rodziny!<\/h2>\n<p style=\"margin: 15px 0; line-height: 1.8; clear: both; display: block; width: 100%; float: none; position: static;\">Ogrodowy plac zabaw umo\u017cliwia zabaw\u0119&nbsp;<b>a\u017c 4 osobom jednocze\u015bnie<\/b>! Hu\u015btanie si\u0119, zje\u017cd\u017canie lub \u0107wiczenia na trapezie bez w\u0105tpienia sprawi\u0105 dzieciom mn\u00f3stwo rado\u015bci, ale nie tylko. Wspomog\u0105 r\u00f3wnie\u017c ich&nbsp;<b>rozw\u00f3j motoryczny<\/b>, wzmocni\u0105 mi\u0119\u015bnie i poprawi\u0105 zmys\u0142 r\u00f3wnowagi.<\/p>\n<\/div>\n<\/div>\n<div style=\"clear: both; display: block; margin: 10px 0;\">\n<div style=\"clear: both; display: block; margin: 10px 0;\">\n<div  style=\"max-width:2400px;max-height:2400px\">\n<div style=\"clear: both; display: block; margin: 10px 0;\">\n<div style=\"clear: both; width: 100%; display: block; margin: 20px 0; padding: 0; float: none; position: static; text-align: center;\"><img decoding=\"async\"  src=\"https:\/\/a.allegroimg.com\/original\/11738e\/7d3572924c49a8d3c53f93db86f3\/Plac-Zabaw-Dla-Dzieci-Hustawka-Ogrodowa-Zjezdzalnia-Trapez-Gimanstyczny-XXL\" srcset=\"https:\/\/a.allegroimg.com\/original\/11738e\/7d3572924c49a8d3c53f93db86f3\/Plac-Zabaw-Dla-Dzieci-Hustawka-Ogrodowa-Zjezdzalnia-Trapez-Gimanstyczny-XXL 360w,https:\/\/a.allegroimg.com\/original\/11738e\/7d3572924c49a8d3c53f93db86f3\/Plac-Zabaw-Dla-Dzieci-Hustawka-Ogrodowa-Zjezdzalnia-Trapez-Gimanstyczny-XXL 720w,https:\/\/a.allegroimg.com\/original\/11738e\/7d3572924c49a8d3c53f93db86f3\/Plac-Zabaw-Dla-Dzieci-Hustawka-Ogrodowa-Zjezdzalnia-Trapez-Gimanstyczny-XXL 1024w,https:\/\/a.allegroimg.com\/original\/11738e\/7d3572924c49a8d3c53f93db86f3\/Plac-Zabaw-Dla-Dzieci-Hustawka-Ogrodowa-Zjezdzalnia-Trapez-Gimanstyczny-XXL 1440w,https:\/\/a.allegroimg.com\/original\/11738e\/7d3572924c49a8d3c53f93db86f3\/Plac-Zabaw-Dla-Dzieci-Hustawka-Ogrodowa-Zjezdzalnia-Trapez-Gimanstyczny-XXL 2400w\" sizes=\"(min-width: 1200px) 560px, (min-width: 992px) 50vw, 100vw\" width=\"2400px\" alt=\"Plac Zabaw Dla Dzieci Hu\u015btawka Ogrodowa Zje\u017cd\u017calnia Trapez Gimanstyczny XXL\" style=\"max-width: 100%; height: auto; display: block; margin: 0 auto;\"><\/div>\n<\/div>\n<\/div>\n<\/div>\n<\/div>\n<\/div>\n<div style=\"clear: both; display: block; margin: 10px 0;\">\n<div style=\"clear: both; display: block; margin: 10px 0;\">\n<div style=\"clear: both; display: block; margin: 10px 0;\">\n<h1>\u26a0\ufe0fSpecyfikacja<\/h1>\n<p style=\"margin: 15px 0; line-height: 1.8; clear: both; display: block; width: 100%; float: none; position: static;\">\u2705wymiary hu\u015btawki: 280 (d\u0142.) x 290 (szer.) x 196 (wys.) cm<\/p>\n<p style=\"margin: 15px 0; line-height: 1.8; clear: both; display: block; width: 100%; float: none; position: static;\">\u2705wymiary opakowania: 118 (d\u0142.) x 45 (szer.) x 19 (wys.) cm<\/p>\n<h3 style=\"color: #2c5aa0; font-size: 18px; margin: 30px 0 15px 0; font-weight: bold; clear: both; display: block; width: 100%; float: none; position: static;\">\u2705kolor zielony<\/h3>\n<p style=\"margin: 15px 0; line-height: 1.8; clear: both; display: block; width: 100%; float: none; position: static;\">\u2705regulacja d\u0142ugo\u015bci lin w zakresie 30 cm<\/p>\n<p style=\"margin: 15px 0; line-height: 1.8; clear: both; display: block; width: 100%; float: none; position: static;\">\u2705\u015brednica lin: 10 mm<\/p>\n<p style=\"margin: 15px 0; line-height: 1.8; clear: both; display: block; width: 100%; float: none; position: static;\">\u2705waga: 35,5 kg<\/p>\n<p style=\"margin: 15px 0; line-height: 1.8; clear: both; display: block; width: 100%; float: none; position: static;\">\u2705maksymalne obci\u0105\u017cenie stela\u017cu: 200 kg<\/p>\n<p style=\"margin: 15px 0; line-height: 1.8; clear: both; display: block; width: 100%; float: none; position: static;\">\u2705maksymalne obci\u0105\u017cenie siedziska: 45 kg<\/p>\n<p style=\"margin: 15px 0; line-height: 1.8; clear: both; display: block; width: 100%; float: none; position: static;\">\u2705materia\u0142y: stal, PP, PE, nylon<\/p>\n<p style=\"margin: 15px 0; line-height: 1.8; clear: both; display: block; width: 100%; float: none; position: static;\">\u2705d\u0142ugo\u015b\u0107 zje\u017cd\u017calni: 183 cm<\/p>\n<p style=\"margin: 15px 0; line-height: 1.8; clear: both; display: block; width: 100%; float: none; position: static;\">\u2705wysoko\u015b\u0107 platformy (podestu) od pod\u0142o\u017ca: 91 cm<\/p>\n<p style=\"margin: 15px 0; line-height: 1.8; clear: both; display: block; width: 100%; float: none; position: static;\">\u2705k\u0105t nachylenia zje\u017cd\u017calni: profil falowany, nachylenie powierzchni zjazdu poni\u017cej 60\u00b0<\/p>\n<p style=\"margin: 15px 0; line-height: 1.8; clear: both; display: block; width: 100%; float: none; position: static;\">\u2705kotwienie: metalowe kotwy montowane do n\u00f3g konstrukcji, osadzane w gruncie lub w fundamencie betonowym (otwory ok. 35 \u00d7 35 \u00d7 35 cm)<\/p>\n<\/div>\n<\/div>\n<div style=\"clear: both; display: block; margin: 10px 0;\">\n<div style=\"clear: both; display: block; margin: 10px 0;\">\n<div  style=\"max-width:2400px;max-height:2400px\">\n<div style=\"clear: both; display: block; margin: 10px 0;\">\n<div style=\"clear: both; width: 100%; display: block; margin: 20px 0; padding: 0; float: none; position: static; text-align: center;\"><img decoding=\"async\"  src=\"https:\/\/a.allegroimg.com\/original\/11c8e5\/27ab14d44c36801ccb13010186a9\/Plac-Zabaw-Dla-Dzieci-Hustawka-Ogrodowa-Zjezdzalnia-Trapez-Gimanstyczny-XXL-Wysokosc-produktu-196-cm\" srcset=\"https:\/\/a.allegroimg.com\/original\/11c8e5\/27ab14d44c36801ccb13010186a9\/Plac-Zabaw-Dla-Dzieci-Hustawka-Ogrodowa-Zjezdzalnia-Trapez-Gimanstyczny-XXL-Wysokosc-produktu-196-cm 360w,https:\/\/a.allegroimg.com\/original\/11c8e5\/27ab14d44c36801ccb13010186a9\/Plac-Zabaw-Dla-Dzieci-Hustawka-Ogrodowa-Zjezdzalnia-Trapez-Gimanstyczny-XXL-Wysokosc-produktu-196-cm 720w,https:\/\/a.allegroimg.com\/original\/11c8e5\/27ab14d44c36801ccb13010186a9\/Plac-Zabaw-Dla-Dzieci-Hustawka-Ogrodowa-Zjezdzalnia-Trapez-Gimanstyczny-XXL-Wysokosc-produktu-196-cm 1024w,https:\/\/a.allegroimg.com\/original\/11c8e5\/27ab14d44c36801ccb13010186a9\/Plac-Zabaw-Dla-Dzieci-Hustawka-Ogrodowa-Zjezdzalnia-Trapez-Gimanstyczny-XXL-Wysokosc-produktu-196-cm 1440w,https:\/\/a.allegroimg.com\/original\/11c8e5\/27ab14d44c36801ccb13010186a9\/Plac-Zabaw-Dla-Dzieci-Hustawka-Ogrodowa-Zjezdzalnia-Trapez-Gimanstyczny-XXL-Wysokosc-produktu-196-cm 2400w\" sizes=\"(min-width: 1200px) 560px, (min-width: 992px) 50vw, 100vw\" width=\"2400px\" alt=\"Plac Zabaw Dla Dzieci Hu\u015btawka Ogrodowa Zje\u017cd\u017calnia Trapez Gimanstyczny XXL Wysoko\u015b\u0107 produktu 196 cm\" style=\"max-width: 100%; height: auto; display: block; margin: 0 auto;\"><\/div>\n<\/div>\n<\/div>\n<\/div>\n<\/div>\n<\/div>\n<div style=\"clear: both; display: block; margin: 10px 0;\">\n<div style=\"clear: both; display: block; margin: 10px 0;\">\n<div style=\"clear: both; display: block; margin: 10px 0;\">\n<h1>\u2728<\/p>\n","protected":false},"excerpt":{"rendered":"<p>\u2b50Ogrodowy plac zabaw dla dzieci XXL z hu\u015btawk\u0105, trapezem gimnastycznym i zje\u017cd\u017calni\u0105\u2b50<\/p>\n<p>\u2705 Marka: HyperMotion<\/p>\n<p>\u2705 Model: SWING HYP12<\/p>\n<p>\u25b6\ufe0f Wsp\u00f3lny czas na \u015bwie\u017cym powietrzu<\/p>\n<p>Stw\u00f3rz dla swojej pociechy wyj\u0105tkowe centrum aktywno\u015bci w ogrodzie! Wzboga\u0107 przestrze\u0144 przy domu o atrakcyjny plac zabaw, kt\u00f3ry szybko stanie si\u0119 ulubionym miejscem dziecka!<\/p>\n<p>\u25b6\ufe0f Zabawa dla ka\u017cdego<\/p>\n","protected":false},"featured_media":15718,"template":"","meta":{"_uag_custom_page_level_css":""},"product_brand":[861],"product_cat":[891,541,898],"product_tag":[],"class_list":{"0":"post-15717","1":"product","2":"type-product","3":"status-publish","4":"has-post-thumbnail","6":"product_brand-hypermotion","7":"product_cat-architektura-ogrodowa","8":"product_cat-ogrod","9":"product_cat-place-zabaw","11":"first","12":"instock","13":"sale","14":"shipping-taxable","15":"purchasable","16":"product-type-simple"},"uagb_featured_image_src":{"full":["https:\/\/qulvako.shop\/grill\/wp-content\/uploads\/2026\/04\/allegro-image-15717.jpg",2400,2400,false],"thumbnail":["https:\/\/qulvako.shop\/grill\/wp-content\/uploads\/2026\/04\/allegro-image-15717-150x150.jpg",150,150,true],"medium":["https:\/\/qulvako.shop\/grill\/wp-content\/uploads\/2026\/04\/allegro-image-15717-300x300.jpg",300,300,true],"medium_large":["https:\/\/qulvako.shop\/grill\/wp-content\/uploads\/2026\/04\/allegro-image-15717-768x768.jpg",768,768,true],"large":["https:\/\/qulvako.shop\/grill\/wp-content\/uploads\/2026\/04\/allegro-image-15717-1024x1024.jpg",1024,1024,true],"1536x1536":["https:\/\/qulvako.shop\/grill\/wp-content\/uploads\/2026\/04\/allegro-image-15717-1536x1536.jpg",1536,1536,true],"2048x2048":["https:\/\/qulvako.shop\/grill\/wp-content\/uploads\/2026\/04\/allegro-image-15717-2048x2048.jpg",2048,2048,true],"woocommerce_thumbnail":["https:\/\/qulvako.shop\/grill\/wp-content\/uploads\/2026\/04\/allegro-image-15717-300x300.jpg",300,300,true],"woocommerce_single":["https:\/\/qulvako.shop\/grill\/wp-content\/uploads\/2026\/04\/allegro-image-15717-600x600.jpg",600,600,true],"woocommerce_gallery_thumbnail":["https:\/\/qulvako.shop\/grill\/wp-content\/uploads\/2026\/04\/allegro-image-15717-100x100.jpg",100,100,true]},"uagb_author_info":{"display_name":"admin","author_link":"https:\/\/qulvako.shop\/grill\/author\/"},"uagb_comment_info":0,"uagb_excerpt":"\u2b50Ogrodowy plac zabaw dla dzieci XXL z hu\u015btawk\u0105, trapezem gimnastycznym i zje\u017cd\u017calni\u0105\u2b50 \u2705 Marka: HyperMotion \u2705 Model: SWING HYP12 \u25b6\ufe0f Wsp\u00f3lny czas na \u015bwie\u017cym powietrzu Stw\u00f3rz dla swojej pociechy wyj\u0105tkowe centrum aktywno\u015bci w ogrodzie! Wzboga\u0107 przestrze\u0144 przy domu o atrakcyjny plac zabaw, kt\u00f3ry szybko stanie si\u0119 ulubionym miejscem dziecka! \u25b6\ufe0f Zabawa dla ka\u017cdego","_links":{"self":[{"href":"https:\/\/qulvako.shop\/grill\/wp-json\/wp\/v2\/product\/15717","targetHints":{"allow":["GET"]}}],"collection":[{"href":"https:\/\/qulvako.shop\/grill\/wp-json\/wp\/v2\/product"}],"about":[{"href":"https:\/\/qulvako.shop\/grill\/wp-json\/wp\/v2\/types\/product"}],"wp:featuredmedia":[{"embeddable":true,"href":"https:\/\/qulvako.shop\/grill\/wp-json\/wp\/v2\/media\/15718"}],"wp:attachment":[{"href":"https:\/\/qulvako.shop\/grill\/wp-json\/wp\/v2\/media?parent=15717"}],"wp:term":[{"taxonomy":"product_brand","embeddable":true,"href":"https:\/\/qulvako.shop\/grill\/wp-json\/wp\/v2\/product_brand?post=15717"},{"taxonomy":"product_cat","embeddable":true,"href":"https:\/\/qulvako.shop\/grill\/wp-json\/wp\/v2\/product_cat?post=15717"},{"taxonomy":"product_tag","embeddable":true,"href":"https:\/\/qulvako.shop\/grill\/wp-json\/wp\/v2\/product_tag?post=15717"}],"curies":[{"name":"wp","href":"https:\/\/api.w.org\/{rel}","templated":true}]}}