{"id":15329,"date":"2026-03-27T09:29:31","date_gmt":"2026-03-27T08:29:31","guid":{"rendered":"https:\/\/grill-master.shop\/gree\/produkt\/grill-gazowy-dekraft-31-palniki-ruszt-zeliwny-pokrowiec-reduktor\/"},"modified":"2026-03-27T09:29:31","modified_gmt":"2026-03-27T08:29:31","slug":"grill-gazowy-dekraft-31-palniki-ruszt-zeliwny-pokrowiec-reduktor","status":"publish","type":"product","link":"https:\/\/qulvako.shop\/grill\/produkt\/grill-gazowy-dekraft-31-palniki-ruszt-zeliwny-pokrowiec-reduktor\/","title":{"rendered":"GRILL GAZOWY DEKRAFT 3+1 PALNIKI RUSZT \u017bELIWNY + POKROWIEC REDUKTOR"},"content":{"rendered":"<div style=\"font-family: Arial, sans-serif; line-height: 1.6; color: #333; padding: 20px; clear: both; display: block; width: 100%; float: none; position: static; overflow: hidden;\">\n<div style=\"clear: both; display: block; margin: 10px 0;\">\n<div style=\"clear: both; display: block; margin: 10px 0;\">\n<div style=\"clear: both; display: block; margin: 10px 0;\">\n<div  style=\"max-width:1584px;max-height:396px\">\n<div style=\"clear: both; display: block; margin: 10px 0;\">\n<div style=\"clear: both; width: 100%; display: block; margin: 20px 0; padding: 0; float: none; position: static; text-align: center;\"><img decoding=\"async\"  src=\"https:\/\/a.allegroimg.com\/original\/110e15\/894361ca4be89e8980950a95e130\/GRILL-GAZOWY-DEKRAFT-3-1-PALNIKI-RUSZT-ZELIWNY-POKROWIEC-REDUKTOR-Dlugosc-rusztu-51-cm\" srcset=\"https:\/\/a.allegroimg.com\/original\/110e15\/894361ca4be89e8980950a95e130\/GRILL-GAZOWY-DEKRAFT-3-1-PALNIKI-RUSZT-ZELIWNY-POKROWIEC-REDUKTOR-Dlugosc-rusztu-51-cm 360w,https:\/\/a.allegroimg.com\/original\/110e15\/894361ca4be89e8980950a95e130\/GRILL-GAZOWY-DEKRAFT-3-1-PALNIKI-RUSZT-ZELIWNY-POKROWIEC-REDUKTOR-Dlugosc-rusztu-51-cm 720w,https:\/\/a.allegroimg.com\/original\/110e15\/894361ca4be89e8980950a95e130\/GRILL-GAZOWY-DEKRAFT-3-1-PALNIKI-RUSZT-ZELIWNY-POKROWIEC-REDUKTOR-Dlugosc-rusztu-51-cm 1024w,https:\/\/a.allegroimg.com\/original\/110e15\/894361ca4be89e8980950a95e130\/GRILL-GAZOWY-DEKRAFT-3-1-PALNIKI-RUSZT-ZELIWNY-POKROWIEC-REDUKTOR-Dlugosc-rusztu-51-cm 1440w,https:\/\/a.allegroimg.com\/original\/110e15\/894361ca4be89e8980950a95e130\/GRILL-GAZOWY-DEKRAFT-3-1-PALNIKI-RUSZT-ZELIWNY-POKROWIEC-REDUKTOR-Dlugosc-rusztu-51-cm 1584w\" sizes=\"100vw\" width=\"1584px\" alt=\"GRILL GAZOWY DEKRAFT 3+1 PALNIKI RUSZT \u017bELIWNY + POKROWIEC REDUKTOR D\u0142ugo\u015b\u0107 rusztu 51 cm\" style=\"max-width: 100%; height: auto; display: block; margin: 0 auto;\"><\/div>\n<\/div>\n<\/div>\n<\/div>\n<\/div>\n<\/div>\n<div style=\"clear: both; display: block; margin: 10px 0;\">\n<div style=\"clear: both; display: block; margin: 10px 0;\">\n<div style=\"clear: both; display: block; margin: 10px 0;\">\n<div  style=\"max-width:500px;max-height:354px\">\n<div style=\"clear: both; display: block; margin: 10px 0;\">\n<div style=\"clear: both; width: 100%; display: block; margin: 20px 0; padding: 0; float: none; position: static; text-align: center;\"><img decoding=\"async\"  src=\"https:\/\/a.allegroimg.com\/original\/11a284\/89b8ff16468fadda9e77fa93c958\/GRILL-GAZOWY-DEKRAFT-3-1-PALNIKI-RUSZT-ZELIWNY-POKROWIEC-REDUKTOR-Liczba-palnikow-3\" srcset=\"https:\/\/a.allegroimg.com\/original\/11a284\/89b8ff16468fadda9e77fa93c958\/GRILL-GAZOWY-DEKRAFT-3-1-PALNIKI-RUSZT-ZELIWNY-POKROWIEC-REDUKTOR-Liczba-palnikow-3 360w,https:\/\/a.allegroimg.com\/original\/11a284\/89b8ff16468fadda9e77fa93c958\/GRILL-GAZOWY-DEKRAFT-3-1-PALNIKI-RUSZT-ZELIWNY-POKROWIEC-REDUKTOR-Liczba-palnikow-3 500w,https:\/\/a.allegroimg.com\/original\/11a284\/89b8ff16468fadda9e77fa93c958\/GRILL-GAZOWY-DEKRAFT-3-1-PALNIKI-RUSZT-ZELIWNY-POKROWIEC-REDUKTOR-Liczba-palnikow-3 500w\" sizes=\"(min-width: 1200px) 560px, (min-width: 992px) 50vw, 100vw\" width=\"500px\" alt=\"GRILL GAZOWY DEKRAFT 3+1 PALNIKI RUSZT \u017bELIWNY + POKROWIEC REDUKTOR Liczba palnik\u00f3w 3\" style=\"max-width: 100%; height: auto; display: block; margin: 0 auto;\"><\/div>\n<\/div>\n<\/div>\n<\/div>\n<\/div>\n<div style=\"clear: both; display: block; margin: 10px 0;\">\n<div style=\"clear: both; display: block; margin: 10px 0;\">\n<p style=\"margin: 15px 0; line-height: 1.8; clear: both; display: block; width: 100%; float: none; position: static;\"><b>Polska firma DEKRAFT<\/b> \u2013 Jako\u015b\u0107, na kt\u00f3r\u0105 zas\u0142ugujesz.<\/p>\n<p style=\"margin: 15px 0; line-height: 1.8; clear: both; display: block; width: 100%; float: none; position: static;\">Marka <b>DEKRAFT<\/b> to synonim solidno\u015bci, innowacyjno\u015bci oraz designu, kt\u00f3re \u0142\u0105cz\u0105 funkcjonalno\u015b\u0107 z nowoczesno\u015bci\u0105.<\/p>\n<p style=\"margin: 15px 0; line-height: 1.8; clear: both; display: block; width: 100%; float: none; position: static;\">Dlaczego warto wybra\u0107 DEKRAFT.<\/p>\n<p style=\"margin: 15px 0; line-height: 1.8; clear: both; display: block; width: 100%; float: none; position: static;\">\u00b7&nbsp;&nbsp;&nbsp;&nbsp;&nbsp;&nbsp; <b>Wysoka jako\u015b\u0107<\/b> \u2013 Nasze produkty wykonane s\u0105 z najlepszych materia\u0142\u00f3w, co zapewnia ich <b>trwa\u0142o\u015b\u0107 i wydajno\u015b\u0107<\/b>.<\/p>\n<p style=\"margin: 15px 0; line-height: 1.8; clear: both; display: block; width: 100%; float: none; position: static;\">\u00b7&nbsp;&nbsp;&nbsp;&nbsp;&nbsp;&nbsp; <b>Innowacyjno\u015b\u0107 <\/b>\u2013 Regularnie wprowadzamy nowoczesne rozwi\u0105zania technologiczne, by zaspokoi\u0107 potrzeby naszych klient\u00f3w.<\/p>\n<p style=\"margin: 15px 0; line-height: 1.8; clear: both; display: block; width: 100%; float: none; position: static;\">\u00b7&nbsp;&nbsp;&nbsp;&nbsp;&nbsp;&nbsp; <b>Zadowolenie klient\u00f3w <\/b>\u2013 stawiamy na satysfakcj\u0119 naszych klient\u00f3w i oferujemy im <b>profesjonalna obs\u0142ug\u0119<\/b> oraz <b>wsparcie<\/b> na ka\u017cdym etapie zakupu.<\/p>\n<p style=\"margin: 15px 0; line-height: 1.8; clear: both; display: block; width: 100%; float: none; position: static;\">Z <b>DEKRAFT<\/b> zawsze masz pewno\u015b\u0107, \u017ce inwestujesz w <b>produkt, kt\u00f3ry s\u0142u\u017cy przez lata<\/b>.<\/p>\n<\/div>\n<\/div>\n<\/div>\n<div style=\"clear: both; display: block; margin: 10px 0;\">\n<div style=\"clear: both; display: block; margin: 10px 0;\">\n<div style=\"clear: both; display: block; margin: 10px 0;\">\n<p style=\"margin: 15px 0; line-height: 1.8; clear: both; display: block; width: 100%; float: none; position: static;\">&nbsp;<\/p>\n<h3 style=\"color: #2c5aa0; font-size: 18px; margin: 30px 0 15px 0; font-weight: bold; clear: both; display: block; width: 100%; float: none; position: static;\">GRILL GAZOWY DEKRAFT 3+1 PALNIKI RUSZT \u017bELIWNY + POKROWIEC&nbsp;<\/h3>\n<p style=\"margin: 15px 0; line-height: 1.8; clear: both; display: block; width: 100%; float: none; position: static;\">&nbsp;<\/p>\n<h3 style=\"color: #2c5aa0; font-size: 18px; margin: 30px 0 15px 0; font-weight: bold; clear: both; display: block; width: 100%; float: none; position: static;\">Specyfikacja techniczna<\/h3>\n<p style=\"margin: 15px 0; line-height: 1.8; clear: both; display: block; width: 100%; float: none; position: static;\">\u2734\ufe0fRodzaj &#8211;&nbsp;Grill gazowy<\/p>\n<p style=\"margin: 15px 0; line-height: 1.8; clear: both; display: block; width: 100%; float: none; position: static;\">\u2734\ufe0fWykonanie &#8211;&nbsp;blacha stalowa, lakierowana proszkowo<\/p>\n<p style=\"margin: 15px 0; line-height: 1.8; clear: both; display: block; width: 100%; float: none; position: static;\">\u2734\ufe0fMoc &#8211;&nbsp;8,4 kW (3 x 2,8 kW)<\/p>\n<p style=\"margin: 15px 0; line-height: 1.8; clear: both; display: block; width: 100%; float: none; position: static;\">\u2734\ufe0fIlo\u015b\u0107 palnik\u00f3w &#8211;&nbsp;3 palniki tubowe ze stali nierdzewnej<\/p>\n<p style=\"margin: 15px 0; line-height: 1.8; clear: both; display: block; width: 100%; float: none; position: static;\">\u2734\ufe0fPalnik boczny &#8211;&nbsp;moc 2,5 kW<\/p>\n<p style=\"margin: 15px 0; line-height: 1.8; clear: both; display: block; width: 100%; float: none; position: static;\">\u2734\ufe0fPowierzchnia grillowania &#8211;&nbsp;51 x 38,5 cm<\/p>\n<p style=\"margin: 15px 0; line-height: 1.8; clear: both; display: block; width: 100%; float: none; position: static;\">\u2734\ufe0fRuszt &#8211;&nbsp;\u017beliwny<\/p>\n<p style=\"margin: 15px 0; line-height: 1.8; clear: both; display: block; width: 100%; float: none; position: static;\">\u2734\ufe0fOdpowiedni dla &#8211;&nbsp;10 os\u00f3b<\/p>\n<p style=\"margin: 15px 0; line-height: 1.8; clear: both; display: block; width: 100%; float: none; position: static;\">\u2734\ufe0fRuszt do podgrzewania &#8211;&nbsp;Tak<\/p>\n<p style=\"margin: 15px 0; line-height: 1.8; clear: both; display: block; width: 100%; float: none; position: static;\">\u2734\ufe0fOs\u0142ony palnik\u00f3w &#8211;&nbsp;tak, stal aluminizowana<\/p>\n<p style=\"margin: 15px 0; line-height: 1.8; clear: both; display: block; width: 100%; float: none; position: static;\">\u2734\ufe0fPodstawa jezdna &#8211;&nbsp;2 k\u00f3\u0142ka<\/p>\n<p style=\"margin: 15px 0; line-height: 1.8; clear: both; display: block; width: 100%; float: none; position: static;\">\u2734\ufe0fOciekacz na t\u0142uszcz &#8211;&nbsp;Tak, w formie szuflady<\/p>\n<p style=\"margin: 15px 0; line-height: 1.8; clear: both; display: block; width: 100%; float: none; position: static;\">\u2734\ufe0fSzafka dolna &#8211;&nbsp;Tak, zamykana z miejscem na butl\u0119 11kg<\/p>\n<p style=\"margin: 15px 0; line-height: 1.8; clear: both; display: block; width: 100%; float: none; position: static;\">\u2734\ufe0fUchwyt pokrywy &#8211;&nbsp;Tak, aluminium<\/p>\n<p style=\"margin: 15px 0; line-height: 1.8; clear: both; display: block; width: 100%; float: none; position: static;\">\u2734\ufe0fZap\u0142on piezoelektryczny &#8211;&nbsp;Zintegrowany w pokr\u0119tle<\/p>\n<p style=\"margin: 15px 0; line-height: 1.8; clear: both; display: block; width: 100%; float: none; position: static;\">\u2734\ufe0fTermometr &#8211;&nbsp;Tak, wbudowany w pokryw\u0119<\/p>\n<p style=\"margin: 15px 0; line-height: 1.8; clear: both; display: block; width: 100%; float: none; position: static;\"> <b>Waga &#8211;&nbsp;<\/b> <b>28,5 kg<\/b> <\/p>\n<p style=\"margin: 15px 0; line-height: 1.8; clear: both; display: block; width: 100%; float: none; position: static;\"> <b>W\u0105\u017c i reduktor &#8211;&nbsp;<\/b> <b>W zestawie<\/b> <\/p>\n<p style=\"margin: 15px 0; line-height: 1.8; clear: both; display: block; width: 100%; float: none; position: static;\"> <b>Szeroko\u015b\u0107 &#8211;&nbsp;<\/b> <b>113,4 cm<\/b> <\/p>\n<p style=\"margin: 15px 0; line-height: 1.8; clear: both; display: block; width: 100%; float: none; position: static;\"> <b>G\u0142\u0119boko\u015b\u0107 &#8211; 49,2<\/b> <b>&nbsp;cm<\/b> <\/p>\n<p style=\"margin: 15px 0; line-height: 1.8; clear: both; display: block; width: 100%; float: none; position: static;\"> <b>Wysoko\u015b\u0107 &#8211;&nbsp;<\/b> <b>109,40 cm<\/b> <\/p>\n<h3 style=\"color: #2c5aa0; font-size: 18px; margin: 30px 0 15px 0; font-weight: bold; clear: both; display: block; width: 100%; float: none; position: static;\">Rozmiar opakowania : 68,5*57,5*43 cm<\/h3>\n<p style=\"margin: 15px 0; line-height: 1.8; clear: both; display: block; width: 100%; float: none; position: static;\">&nbsp;<\/p>\n<\/div>\n<\/div>\n<\/div>\n<\/div>\n<\/div>\n<\/div>\n<div style=\"clear: both; display: block; margin: 10px 0;\">\n","protected":false},"excerpt":{"rendered":"<p>Polska firma DEKRAFT \u2013 Jako\u015b\u0107, na kt\u00f3r\u0105 zas\u0142ugujesz.<\/p>\n<p>Marka DEKRAFT to synonim solidno\u015bci, innowacyjno\u015bci oraz designu, kt\u00f3re \u0142\u0105cz\u0105 funkcjonalno\u015b\u0107 z nowoczesno\u015bci\u0105.<\/p>\n<p>Dlaczego warto wybra\u0107 DEKRAFT.<\/p>\n<p>\u00b7&nbsp;&nbsp;&nbsp;&nbsp;&nbsp;&nbsp; Wysoka jako\u015b\u0107 \u2013 Nasze produkty wykonane s\u0105 z najlepszych materia\u0142\u00f3w, co zapewnia ich trwa\u0142o\u015b\u0107 i wydajno\u015b\u0107.<\/p>\n<p>\u00b7&nbsp;&nbsp;&nbsp;&nbsp;&nbsp;&nbsp; Innowacyjno\u015b\u0107 \u2013 Regularnie wprowadzamy nowoczesne rozwi\u0105zania technologiczne, by zaspokoi\u0107 potrzeby naszych klient\u00f3w.<\/p>\n","protected":false},"featured_media":15331,"template":"","meta":{"_uag_custom_page_level_css":""},"product_brand":[828],"product_cat":[832,795,541],"product_tag":[],"class_list":{"0":"post-15329","1":"product","2":"type-product","3":"status-publish","4":"has-post-thumbnail","6":"product_brand-dekraft","7":"product_cat-grille-gazowe","8":"product_cat-grillowanie","9":"product_cat-ogrod","11":"first","12":"instock","13":"sale","14":"shipping-taxable","15":"purchasable","16":"product-type-simple"},"uagb_featured_image_src":{"full":["https:\/\/qulvako.shop\/grill\/wp-content\/uploads\/2026\/03\/allegro-image-15329.jpg",2500,2000,false],"thumbnail":["https:\/\/qulvako.shop\/grill\/wp-content\/uploads\/2026\/03\/allegro-image-15329-150x150.jpg",150,150,true],"medium":["https:\/\/qulvako.shop\/grill\/wp-content\/uploads\/2026\/03\/allegro-image-15329-300x240.jpg",300,240,true],"medium_large":["https:\/\/qulvako.shop\/grill\/wp-content\/uploads\/2026\/03\/allegro-image-15329-768x614.jpg",768,614,true],"large":["https:\/\/qulvako.shop\/grill\/wp-content\/uploads\/2026\/03\/allegro-image-15329-1024x819.jpg",1024,819,true],"1536x1536":["https:\/\/qulvako.shop\/grill\/wp-content\/uploads\/2026\/03\/allegro-image-15329-1536x1229.jpg",1536,1229,true],"2048x2048":["https:\/\/qulvako.shop\/grill\/wp-content\/uploads\/2026\/03\/allegro-image-15329-2048x1638.jpg",2048,1638,true],"woocommerce_thumbnail":["https:\/\/qulvako.shop\/grill\/wp-content\/uploads\/2026\/03\/allegro-image-15329-300x300.jpg",300,300,true],"woocommerce_single":["https:\/\/qulvako.shop\/grill\/wp-content\/uploads\/2026\/03\/allegro-image-15329-600x480.jpg",600,480,true],"woocommerce_gallery_thumbnail":["https:\/\/qulvako.shop\/grill\/wp-content\/uploads\/2026\/03\/allegro-image-15329-100x100.jpg",100,100,true]},"uagb_author_info":{"display_name":"admin","author_link":"https:\/\/qulvako.shop\/grill\/author\/"},"uagb_comment_info":0,"uagb_excerpt":"Polska firma DEKRAFT \u2013 Jako\u015b\u0107, na kt\u00f3r\u0105 zas\u0142ugujesz. Marka DEKRAFT to synonim solidno\u015bci, innowacyjno\u015bci oraz designu, kt\u00f3re \u0142\u0105cz\u0105 funkcjonalno\u015b\u0107 z nowoczesno\u015bci\u0105. Dlaczego warto wybra\u0107 DEKRAFT. \u00b7&nbsp;&nbsp;&nbsp;&nbsp;&nbsp;&nbsp; Wysoka jako\u015b\u0107 \u2013 Nasze produkty wykonane s\u0105 z najlepszych materia\u0142\u00f3w, co zapewnia ich trwa\u0142o\u015b\u0107 i wydajno\u015b\u0107. \u00b7&nbsp;&nbsp;&nbsp;&nbsp;&nbsp;&nbsp; Innowacyjno\u015b\u0107 \u2013 Regularnie wprowadzamy nowoczesne rozwi\u0105zania technologiczne, by zaspokoi\u0107 potrzeby naszych klient\u00f3w.","_links":{"self":[{"href":"https:\/\/qulvako.shop\/grill\/wp-json\/wp\/v2\/product\/15329","targetHints":{"allow":["GET"]}}],"collection":[{"href":"https:\/\/qulvako.shop\/grill\/wp-json\/wp\/v2\/product"}],"about":[{"href":"https:\/\/qulvako.shop\/grill\/wp-json\/wp\/v2\/types\/product"}],"wp:featuredmedia":[{"embeddable":true,"href":"https:\/\/qulvako.shop\/grill\/wp-json\/wp\/v2\/media\/15331"}],"wp:attachment":[{"href":"https:\/\/qulvako.shop\/grill\/wp-json\/wp\/v2\/media?parent=15329"}],"wp:term":[{"taxonomy":"product_brand","embeddable":true,"href":"https:\/\/qulvako.shop\/grill\/wp-json\/wp\/v2\/product_brand?post=15329"},{"taxonomy":"product_cat","embeddable":true,"href":"https:\/\/qulvako.shop\/grill\/wp-json\/wp\/v2\/product_cat?post=15329"},{"taxonomy":"product_tag","embeddable":true,"href":"https:\/\/qulvako.shop\/grill\/wp-json\/wp\/v2\/product_tag?post=15329"}],"curies":[{"name":"wp","href":"https:\/\/api.w.org\/{rel}","templated":true}]}}